{"id":460,"date":"2026-01-28T03:28:55","date_gmt":"2026-01-28T08:28:55","guid":{"rendered":"https:\/\/nayelipoveda.shop\/?page_id=460"},"modified":"2026-01-28T05:20:10","modified_gmt":"2026-01-28T10:20:10","slug":"alfabetizacion-digital","status":"publish","type":"page","link":"https:\/\/nayelipoveda.shop\/index.php\/el-viaje-del-libro-en-ecuador\/la-situacion-literaria-nacional\/alfabetizacion-digital\/","title":{"rendered":"ALFABETIZACI\u00d3N DIGITAL"},"content":{"rendered":"\n<p>El reto de formar lectores en la era del algoritmo.<\/p>\n\n\n\n<p>El \u00abnuevo despertar\u00bb de las letras ecuatorianas no solo se enfrenta a la falta de librer\u00edas, sino a una competencia feroz por la atenci\u00f3n del usuario. En un ecosistema digital donde el contenido es ef\u00edmero, la literatura de largo aliento lucha por encontrar su espacio. Este subtema analiza c\u00f3mo la literatura transmedia aquella que salta del libro impreso a podcasts, audiolibros o hilos de narrativa en redes sociales est\u00e1 intentando rescatar el h\u00e1bito lector en los j\u00f3venes universitarios.<\/p>\n\n\n\n<figure class=\"wp-block-image size-full\"><img loading=\"lazy\" decoding=\"async\" width=\"1024\" height=\"768\" src=\"https:\/\/nayelipoveda.shop\/wp-content\/uploads\/2026\/01\/Soft-Blue-White-Minimalist-Chart-Pyramid-Of-Strategey-Presentation-Graphs.png\" alt=\"\" class=\"wp-image-303\" srcset=\"https:\/\/nayelipoveda.shop\/wp-content\/uploads\/2026\/01\/Soft-Blue-White-Minimalist-Chart-Pyramid-Of-Strategey-Presentation-Graphs.png 1024w, https:\/\/nayelipoveda.shop\/wp-content\/uploads\/2026\/01\/Soft-Blue-White-Minimalist-Chart-Pyramid-Of-Strategey-Presentation-Graphs-300x225.png 300w, https:\/\/nayelipoveda.shop\/wp-content\/uploads\/2026\/01\/Soft-Blue-White-Minimalist-Chart-Pyramid-Of-Strategey-Presentation-Graphs-768x576.png 768w, https:\/\/nayelipoveda.shop\/wp-content\/uploads\/2026\/01\/Soft-Blue-White-Minimalist-Chart-Pyramid-Of-Strategey-Presentation-Graphs-440x330.png 440w, https:\/\/nayelipoveda.shop\/wp-content\/uploads\/2026\/01\/Soft-Blue-White-Minimalist-Chart-Pyramid-Of-Strategey-Presentation-Graphs-920x690.png 920w\" sizes=\"auto, (max-width: 1024px) 100vw, 1024px\" \/><\/figure>\n\n\n\n<p>La paradoja es que, aunque las estad\u00edsticas dicen que se lee \u00abpoco\u00bb, nunca antes se hab\u00eda consumido tanto texto de forma diaria a trav\u00e9s de dispositivos m\u00f3viles. El desaf\u00edo para el sistema educativo y la industria nacional no es solo fomentar la compra de libros, sino desarrollar capacidades de alfabetizaci\u00f3n digital cr\u00edtica. Lograr que el lector no sea un consumidor pasivo de fragmentos, sino alguien capaz de sumergirse en las complejas atm\u00f3sferas del g\u00f3tico andino o la cr\u00f3nica period\u00edstica, requiere que las plataformas digitales dejen de ser vistas como enemigas y se conviertan en los nuevos portales de acceso a la cultura profunda.<\/p>\n\n\n\n<div class=\"wp-block-buttons is-layout-flex wp-block-buttons-is-layout-flex\">\n<div class=\"wp-block-button\"><a class=\"wp-block-button__link wp-element-button\" href=\"https:\/\/nayelipoveda.shop\/index.php\/el-viaje-del-libro-en-ecuador\/la-situacion-literaria-nacional\/alfabetizacion-digital\/el-prosumidor-literario-y-el-desafio-de-la-atencion-profunda\/\">EL PROSUMIDOR LITERARIO Y EL DESAF\u00cdO DE LA ATENCI\u00d3N PROFUNDA<\/a><\/div>\n\n\n\n<div class=\"wp-block-button\"><a class=\"wp-block-button__link wp-element-button\" href=\"https:\/\/nayelipoveda.shop\/index.php\/el-viaje-del-libro-en-ecuador\/la-situacion-literaria-nacional\/\">ATR\u00c1S<\/a><\/div>\n<\/div>\n","protected":false},"excerpt":{"rendered":"<p>El reto de formar lectores en la era del algoritmo. El \u00abnuevo despertar\u00bb de las letras ecuatorianas no solo se<\/p>\n<p><a href=\"https:\/\/nayelipoveda.shop\/index.php\/el-viaje-del-libro-en-ecuador\/la-situacion-literaria-nacional\/alfabetizacion-digital\/\" class=\"more-link\">Contin\u00faa leyendo&#8230;<span class=\"screen-reader-text\">ALFABETIZACI\u00d3N DIGITAL<\/span><\/a><\/p>\n","protected":false},"author":1,"featured_media":0,"parent":380,"menu_order":2,"comment_status":"closed","ping_status":"closed","template":"","meta":{"footnotes":""},"class_list":["post-460","page","type-page","status-publish","hentry"],"_links":{"self":[{"href":"https:\/\/nayelipoveda.shop\/index.php\/wp-json\/wp\/v2\/pages\/460","targetHints":{"allow":["GET"]}}],"collection":[{"href":"https:\/\/nayelipoveda.shop\/index.php\/wp-json\/wp\/v2\/pages"}],"about":[{"href":"https:\/\/nayelipoveda.shop\/index.php\/wp-json\/wp\/v2\/types\/page"}],"author":[{"embeddable":true,"href":"https:\/\/nayelipoveda.shop\/index.php\/wp-json\/wp\/v2\/users\/1"}],"replies":[{"embeddable":true,"href":"https:\/\/nayelipoveda.shop\/index.php\/wp-json\/wp\/v2\/comments?post=460"}],"version-history":[{"count":3,"href":"https:\/\/nayelipoveda.shop\/index.php\/wp-json\/wp\/v2\/pages\/460\/revisions"}],"predecessor-version":[{"id":481,"href":"https:\/\/nayelipoveda.shop\/index.php\/wp-json\/wp\/v2\/pages\/460\/revisions\/481"}],"up":[{"embeddable":true,"href":"https:\/\/nayelipoveda.shop\/index.php\/wp-json\/wp\/v2\/pages\/380"}],"wp:attachment":[{"href":"https:\/\/nayelipoveda.shop\/index.php\/wp-json\/wp\/v2\/media?parent=460"}],"curies":[{"name":"wp","href":"https:\/\/api.w.org\/{rel}","templated":true}]}}