{"id":447,"date":"2026-01-28T03:24:46","date_gmt":"2026-01-28T08:24:46","guid":{"rendered":"https:\/\/nayelipoveda.shop\/?page_id=447"},"modified":"2026-01-28T05:44:15","modified_gmt":"2026-01-28T10:44:15","slug":"geografia-del-abandono","status":"publish","type":"page","link":"https:\/\/nayelipoveda.shop\/index.php\/el-viaje-del-libro-en-ecuador\/distribucion-y-consumo\/geografia-del-abandono\/","title":{"rendered":"GEOGRAF\u00cdA DEL ABANDONO"},"content":{"rendered":"\n<p><strong>El Centralismo Editorial<\/strong>.<\/p>\n\n\n\n<p>El viaje de una obra literaria en Ecuador dista mucho de ser una l\u00ednea recta y fluida; es, en realidad, un laberinto con un destino previsible y, a menudo, profundamente excluyente. A pesar de los constantes esfuerzos institucionales y las promesas de democratizar la cultura, el mapa del consumo editorial en el pa\u00eds revela una fractura territorial alarmante que ha segmentado al Ecuador en ciudadanos con acceso y ciudadanos en el olvido. El sistema de comercializaci\u00f3n padece de un centralismo cr\u00f3nico que se ha normalizado con el tiempo: actualmente, se estima que aproximadamente el 70% de las ventas totales y los puntos de distribuci\u00f3n f\u00edsica se concentran de manera exclusiva en solo dos provincias: Pichincha y Guayas.<\/p>\n\n\n\n<figure class=\"wp-block-image size-full\"><img loading=\"lazy\" decoding=\"async\" width=\"1024\" height=\"758\" src=\"https:\/\/nayelipoveda.shop\/wp-content\/uploads\/2026\/01\/WhatsApp-Image-2026-01-28-at-2.17.15-AM.jpeg\" alt=\"\" class=\"wp-image-359\" srcset=\"https:\/\/nayelipoveda.shop\/wp-content\/uploads\/2026\/01\/WhatsApp-Image-2026-01-28-at-2.17.15-AM.jpeg 1024w, https:\/\/nayelipoveda.shop\/wp-content\/uploads\/2026\/01\/WhatsApp-Image-2026-01-28-at-2.17.15-AM-300x222.jpeg 300w, https:\/\/nayelipoveda.shop\/wp-content\/uploads\/2026\/01\/WhatsApp-Image-2026-01-28-at-2.17.15-AM-768x569.jpeg 768w\" sizes=\"auto, (max-width: 1024px) 100vw, 1024px\" \/><\/figure>\n\n\n\n<p>Esta polarizaci\u00f3n no es un evento fortuito ni una coincidencia del mercado; responde a una infraestructura log\u00edstica hist\u00f3ricamente dise\u00f1ada para servir de forma privilegiada a los grandes centros urbanos de la Sierra y la Costa central. Al priorizar el eje Quito-Guayaquil, el sistema ignora sistem\u00e1ticamente a las provincias perif\u00e9ricas, las zonas amaz\u00f3nicas y las provincias fronterizas, creando una desconexi\u00f3n cultural que impide que la literatura funcione como un hilo conductor de la identidad nacional.<\/p>\n\n\n\n<div class=\"wp-block-group is-nowrap is-layout-flex wp-container-core-group-is-layout-ad2f72ca wp-block-group-is-layout-flex\">\n<p>Este fen\u00f3meno estructural convierte a la mayor parte del territorio nacional en una suerte de \u00abdesierto literario\u00bb. En provincias donde no existen librer\u00edas de fondo, sellos independientes o espacios especializados, el ciudadano com\u00fan se ve forzado a conformarse con la oferta limitada y gen\u00e9rica de las grandes cadenas de papeler\u00eda. En estos espacios, la selecci\u00f3n no es literaria, sino estrictamente comercial: la oferta es dictada por la rotaci\u00f3n r\u00e1pida de inventario, priorizando textos escolares estacionales o <em>bestsellers<\/em> de autoayuda y marketing, dejando fuera la riqueza, el riesgo y la experimentaci\u00f3n de la narrativa y poes\u00eda contempor\u00e1nea.<\/p>\n\n\n\n<p>Para un lector en provincias como Pastaza, Loja o Esmeraldas, acceder a una novedad de una editorial independiente ecuatoriana que hoy por hoy son las que producen el contenido m\u00e1s relevante del pa\u00eds no es un acto cotidiano de consumo cultural, sino una verdadera odisea log\u00edstica. El acceso queda condicionado a dos v\u00edas desalentadoras: la primera es depender de env\u00edos por <em>courier<\/em> o servicios postales privados, cuyo costo de env\u00edo puede representar entre el 15% y el 25% del valor total del libro, convirtiendo una compra de $20 en una inversi\u00f3n de $25 o m\u00e1s. La segunda v\u00eda es la simple fortuna de encontrar un distribuidor local o un gestor cultural que haya asumido el riesgo financiero personal de \u00abimportar\u00bb ejemplares desde la capital para venderlos en su comunidad. As\u00ed, el libro en Ecuador no solo es caro por su papel, sino por la distancia que debe recorrer para encontrar a su lector.<\/p>\n<\/div>\n\n\n\n<div class=\"wp-block-buttons is-layout-flex wp-block-buttons-is-layout-flex\">\n<div class=\"wp-block-button\"><a class=\"wp-block-button__link wp-element-button\" href=\"https:\/\/nayelipoveda.shop\/index.php\/el-viaje-del-libro-en-ecuador\/distribucion-y-consumo\/geografia-del-abandono\/desiertos-literarios-y-el-70-del-mercado\/\">DESIERTOS LITERARIOS Y EL 70% DEL MERCADO<\/a><\/div>\n\n\n\n<div class=\"wp-block-button\"><a class=\"wp-block-button__link wp-element-button\" href=\"https:\/\/nayelipoveda.shop\/index.php\/el-viaje-del-libro-en-ecuador\/distribucion-y-consumo\/\">ATR\u00c1S<\/a><\/div>\n<\/div>\n","protected":false},"excerpt":{"rendered":"<p>El Centralismo Editorial. El viaje de una obra literaria en Ecuador dista mucho de ser una l\u00ednea recta y fluida;<\/p>\n<p><a href=\"https:\/\/nayelipoveda.shop\/index.php\/el-viaje-del-libro-en-ecuador\/distribucion-y-consumo\/geografia-del-abandono\/\" class=\"more-link\">Contin\u00faa leyendo&#8230;<span class=\"screen-reader-text\">GEOGRAF\u00cdA DEL ABANDONO<\/span><\/a><\/p>\n","protected":false},"author":1,"featured_media":0,"parent":391,"menu_order":1,"comment_status":"closed","ping_status":"closed","template":"","meta":{"footnotes":""},"class_list":["post-447","page","type-page","status-publish","hentry"],"_links":{"self":[{"href":"https:\/\/nayelipoveda.shop\/index.php\/wp-json\/wp\/v2\/pages\/447","targetHints":{"allow":["GET"]}}],"collection":[{"href":"https:\/\/nayelipoveda.shop\/index.php\/wp-json\/wp\/v2\/pages"}],"about":[{"href":"https:\/\/nayelipoveda.shop\/index.php\/wp-json\/wp\/v2\/types\/page"}],"author":[{"embeddable":true,"href":"https:\/\/nayelipoveda.shop\/index.php\/wp-json\/wp\/v2\/users\/1"}],"replies":[{"embeddable":true,"href":"https:\/\/nayelipoveda.shop\/index.php\/wp-json\/wp\/v2\/comments?post=447"}],"version-history":[{"count":2,"href":"https:\/\/nayelipoveda.shop\/index.php\/wp-json\/wp\/v2\/pages\/447\/revisions"}],"predecessor-version":[{"id":499,"href":"https:\/\/nayelipoveda.shop\/index.php\/wp-json\/wp\/v2\/pages\/447\/revisions\/499"}],"up":[{"embeddable":true,"href":"https:\/\/nayelipoveda.shop\/index.php\/wp-json\/wp\/v2\/pages\/391"}],"wp:attachment":[{"href":"https:\/\/nayelipoveda.shop\/index.php\/wp-json\/wp\/v2\/media?parent=447"}],"curies":[{"name":"wp","href":"https:\/\/api.w.org\/{rel}","templated":true}]}}