{"id":439,"date":"2026-01-28T03:22:28","date_gmt":"2026-01-28T08:22:28","guid":{"rendered":"https:\/\/nayelipoveda.shop\/?page_id=439"},"modified":"2026-01-28T05:55:30","modified_gmt":"2026-01-28T10:55:30","slug":"la-llave-de-las-librerias","status":"publish","type":"page","link":"https:\/\/nayelipoveda.shop\/index.php\/el-viaje-del-libro-en-ecuador\/el-laberinto-tecnico\/el-codigo-isbn-y-la-camara-del-libro\/la-llave-de-las-librerias\/","title":{"rendered":"LA LLAVE DE LAS LIBRER\u00cdAS"},"content":{"rendered":"\n<p><strong>El C\u00f3digo de 13 D\u00edgitos<\/strong>.<\/p>\n\n\n\n<p>En el ecosistema editorial profesional, la calidad literaria de una obra es su alma, pero el ISBN (International Standard Book Number) es su cuerpo legal y comercial. Este c\u00f3digo de 13 d\u00edgitos es, literalmente, la \u00abllave\u00bb que abre las puertas de las grandes cadenas de librer\u00edas y centros de distribuci\u00f3n. Sin \u00e9l, un libro por m\u00e1s premiado que sea es invisible para los sistemas de gesti\u00f3n de inventarios (software POS) que utilizan los libreros para registrar ventas, controlar el stock y generar reportes de regal\u00edas. Para una cadena profesional, recibir un libro sin ISBN es un problema log\u00edstico, ya que no puede ser escaneado ni rastreado autom\u00e1ticamente.<\/p>\n\n\n\n<p class=\"has-normal-font-size\"><strong>El Pasaporte a la Globalizaci\u00f3n<\/strong><\/p>\n\n\n\n<p>La verdadera potencia del ISBN reside en su capacidad de estandarizaci\u00f3n internacional. Funciona como un pasaporte que permite que el libro ecuatoriano sea reconocido en cualquier base de datos del mundo. Cuando un autor obtiene su c\u00f3digo a trav\u00e9s de la C\u00e1mara Ecuatoriana del Libro, su obra se integra a un \u00edndice global. Esto es lo que permite que un bibliotecario en Madrid, un investigador en una universidad de Estados Unidos o un lector en cualquier parte del mundo pueda localizar la obra exacta, con su t\u00edtulo, autor, editorial y a\u00f1o de publicaci\u00f3n precisos, evitando confusiones con obras de nombres similares.<\/p>\n\n\n\n<p class=\"has-normal-font-size\"><strong>El V\u00ednculo con los Algoritmos Digitales<\/strong><\/p>\n\n\n\n<p>En la era de la alfabetizaci\u00f3n digital, el ISBN es el eje sobre el cual giran los algoritmos de b\u00fasqueda. Plataformas como Google Books, Amazon o WorldCat (el cat\u00e1logo de bibliotecas m\u00e1s grande del mundo) indexan los libros bas\u00e1ndose primordialmente en este n\u00famero. Si un libro ecuatoriano aspira a ser citado en art\u00edculos acad\u00e9micos o a aparecer en los resultados de b\u00fasqueda de lectores internacionales, el ISBN es el requisito m\u00ednimo de profesionalismo. Es el sello de garant\u00eda que le dice al mundo que ese libro no es una impresi\u00f3n informal, sino un producto cultural que cumple con los est\u00e1ndares de la industria editorial global, asegurando que la voz del autor nacional tenga la infraestructura necesaria para trascender nuestras fronteras.<\/p>\n\n\n\n<figure class=\"wp-block-image size-full\"><img loading=\"lazy\" decoding=\"async\" width=\"1024\" height=\"941\" src=\"https:\/\/nayelipoveda.shop\/wp-content\/uploads\/2026\/01\/WhatsApp-Image-2026-01-28-at-1.48.17-AM.jpeg\" alt=\"\" class=\"wp-image-350\" srcset=\"https:\/\/nayelipoveda.shop\/wp-content\/uploads\/2026\/01\/WhatsApp-Image-2026-01-28-at-1.48.17-AM.jpeg 1024w, https:\/\/nayelipoveda.shop\/wp-content\/uploads\/2026\/01\/WhatsApp-Image-2026-01-28-at-1.48.17-AM-300x276.jpeg 300w, https:\/\/nayelipoveda.shop\/wp-content\/uploads\/2026\/01\/WhatsApp-Image-2026-01-28-at-1.48.17-AM-768x706.jpeg 768w\" sizes=\"auto, (max-width: 1024px) 100vw, 1024px\" \/><\/figure>\n\n\n\n<div class=\"wp-block-buttons is-layout-flex wp-block-buttons-is-layout-flex\">\n<div class=\"wp-block-button\"><a class=\"wp-block-button__link wp-element-button\" href=\"https:\/\/nayelipoveda.shop\/index.php\/el-laberinto-tecnico\/el-codigo-isbn-y-la-camara-del-libro\/\">ATR\u00c1S<\/a><\/div>\n<\/div>\n","protected":false},"excerpt":{"rendered":"<p>El C\u00f3digo de 13 D\u00edgitos. En el ecosistema editorial profesional, la calidad literaria de una obra es su alma, pero<\/p>\n<p><a href=\"https:\/\/nayelipoveda.shop\/index.php\/el-viaje-del-libro-en-ecuador\/el-laberinto-tecnico\/el-codigo-isbn-y-la-camara-del-libro\/la-llave-de-las-librerias\/\" class=\"more-link\">Contin\u00faa leyendo&#8230;<span class=\"screen-reader-text\">LA LLAVE DE LAS LIBRER\u00cdAS<\/span><\/a><\/p>\n","protected":false},"author":1,"featured_media":0,"parent":437,"menu_order":1,"comment_status":"closed","ping_status":"closed","template":"","meta":{"footnotes":""},"class_list":["post-439","page","type-page","status-publish","hentry"],"_links":{"self":[{"href":"https:\/\/nayelipoveda.shop\/index.php\/wp-json\/wp\/v2\/pages\/439","targetHints":{"allow":["GET"]}}],"collection":[{"href":"https:\/\/nayelipoveda.shop\/index.php\/wp-json\/wp\/v2\/pages"}],"about":[{"href":"https:\/\/nayelipoveda.shop\/index.php\/wp-json\/wp\/v2\/types\/page"}],"author":[{"embeddable":true,"href":"https:\/\/nayelipoveda.shop\/index.php\/wp-json\/wp\/v2\/users\/1"}],"replies":[{"embeddable":true,"href":"https:\/\/nayelipoveda.shop\/index.php\/wp-json\/wp\/v2\/comments?post=439"}],"version-history":[{"count":2,"href":"https:\/\/nayelipoveda.shop\/index.php\/wp-json\/wp\/v2\/pages\/439\/revisions"}],"predecessor-version":[{"id":509,"href":"https:\/\/nayelipoveda.shop\/index.php\/wp-json\/wp\/v2\/pages\/439\/revisions\/509"}],"up":[{"embeddable":true,"href":"https:\/\/nayelipoveda.shop\/index.php\/wp-json\/wp\/v2\/pages\/437"}],"wp:attachment":[{"href":"https:\/\/nayelipoveda.shop\/index.php\/wp-json\/wp\/v2\/media?parent=439"}],"curies":[{"name":"wp","href":"https:\/\/api.w.org\/{rel}","templated":true}]}}