{"id":426,"date":"2026-01-28T03:15:02","date_gmt":"2026-01-28T08:15:02","guid":{"rendered":"https:\/\/nayelipoveda.shop\/?page_id=426"},"modified":"2026-01-28T05:59:41","modified_gmt":"2026-01-28T10:59:41","slug":"la-bibliodiversidad-como-acto-de-resistencia","status":"publish","type":"page","link":"https:\/\/nayelipoveda.shop\/index.php\/el-viaje-del-libro-en-ecuador\/la-industria-editorial-y-sus-desafios-economicos\/del-colapso-corporativo-al-renacimiento-de-la-autogestion\/la-bibliodiversidad-como-acto-de-resistencia\/","title":{"rendered":"LA BIBLIODIVERSIDAD COMO ACTO DE RESISTENCIA"},"content":{"rendered":"\n<p><strong>Soberan\u00eda Intelectual<\/strong>.<\/p>\n\n\n\n<p>La independencia editorial en Ecuador no debe entenderse \u00fanicamente como un cambio de gesti\u00f3n administrativa o un traspaso de oficinas; representa, en su esencia m\u00e1s pura, una declaraci\u00f3n de soberan\u00eda intelectual. Al romperse el cord\u00f3n umbilical con las casas matrices en Madrid, Bogot\u00e1 o Ciudad de M\u00e9xico, el editor ecuatoriano se liber\u00f3 de la vigilancia de los \u00abcomit\u00e9s de ventas\u00bb internacionales. Estos comit\u00e9s, cuya \u00fanica br\u00fajula es la rentabilidad proyectada, sol\u00edan filtrar la producci\u00f3n nacional bajo un criterio homogeneizador: solo se publicaba aquello que fuera lo suficientemente \u00abneutro\u00bb o \u00abcomercial\u00bb para encajar en cualquier mercado hispanohablante.<\/p>\n\n\n\n<figure class=\"wp-block-image size-full\"><img loading=\"lazy\" decoding=\"async\" width=\"959\" height=\"888\" src=\"https:\/\/nayelipoveda.shop\/wp-content\/uploads\/2026\/01\/WhatsApp-Image-2026-01-28-at-12.54.22-AM.jpeg\" alt=\"\" class=\"wp-image-331\" srcset=\"https:\/\/nayelipoveda.shop\/wp-content\/uploads\/2026\/01\/WhatsApp-Image-2026-01-28-at-12.54.22-AM.jpeg 959w, https:\/\/nayelipoveda.shop\/wp-content\/uploads\/2026\/01\/WhatsApp-Image-2026-01-28-at-12.54.22-AM-300x278.jpeg 300w, https:\/\/nayelipoveda.shop\/wp-content\/uploads\/2026\/01\/WhatsApp-Image-2026-01-28-at-12.54.22-AM-768x711.jpeg 768w\" sizes=\"auto, (max-width: 959px) 100vw, 959px\" \/><\/figure>\n\n\n\n<p><br>Con la consolidaci\u00f3n de los sellos independientes, el cat\u00e1logo nacional dej\u00f3 de ser un p\u00e1lido espejo de las tendencias de consumo en Espa\u00f1a para convertirse en un reflejo crudo de lo que se siente y se vive en el Ecuador. Esta nueva libertad ha permitido la eclosi\u00f3n de lo \u00abraro\u00bb, lo \u00abinc\u00f3modo\u00bb y lo \u00abexperimental\u00bb. Ahora, temas que antes se consideraban riesgosos como el g\u00f3tico andino m\u00e1s visceral, la poes\u00eda que rompe la sintaxis tradicional o el ensayo pol\u00edtico de nicho tienen un lugar en las librer\u00edas.<br>La bibliodiversidad se convierte as\u00ed en un acto de resistencia: es la decisi\u00f3n de publicar un libro no porque va a vender diez mil ejemplares, sino porque su voz es necesaria para entender qui\u00e9nes somos hoy. Este modelo de autogesti\u00f3n ha permitido que la literatura ecuatoriana recupere su identidad territorial, priorizando la calidad literaria y la relevancia social sobre la capacidad de la obra para convertirse en un producto de consumo masivo y ef\u00edmero. <\/p>\n\n\n\n<p>Entendemos que cada libro publicado de forma independiente es un eslab\u00f3n en una cadena de resistencia que asegura que nuestras historias no sean silenciadas por la falta de un c\u00f3digo de barras exitoso.<\/p>\n\n\n\n<figure class=\"wp-block-pullquote\"><blockquote><p>\u00abLa bibliodiversidad no se trata de cu\u00e1ntos libros se venden, sino de cu\u00e1ntas voces diferentes se atreven a existir<\/p><\/blockquote><\/figure>\n\n\n\n<div class=\"wp-block-buttons is-layout-flex wp-block-buttons-is-layout-flex\">\n<div class=\"wp-block-button\"><a class=\"wp-block-button__link wp-element-button\" href=\"https:\/\/nayelipoveda.shop\/index.php\/el-viaje-del-libro-en-ecuador\/la-industria-editorial-y-sus-desafios-economicos\/del-colapso-corporativo-al-renacimiento-de-la-autogestion\/\">ATR\u00c1S<\/a><\/div>\n<\/div>\n","protected":false},"excerpt":{"rendered":"<p>Soberan\u00eda Intelectual. La independencia editorial en Ecuador no debe entenderse \u00fanicamente como un cambio de gesti\u00f3n administrativa o un traspaso<\/p>\n<p><a href=\"https:\/\/nayelipoveda.shop\/index.php\/el-viaje-del-libro-en-ecuador\/la-industria-editorial-y-sus-desafios-economicos\/del-colapso-corporativo-al-renacimiento-de-la-autogestion\/la-bibliodiversidad-como-acto-de-resistencia\/\" class=\"more-link\">Contin\u00faa leyendo&#8230;<span class=\"screen-reader-text\">LA BIBLIODIVERSIDAD COMO ACTO DE RESISTENCIA<\/span><\/a><\/p>\n","protected":false},"author":1,"featured_media":0,"parent":415,"menu_order":1,"comment_status":"closed","ping_status":"closed","template":"","meta":{"footnotes":""},"class_list":["post-426","page","type-page","status-publish","hentry"],"_links":{"self":[{"href":"https:\/\/nayelipoveda.shop\/index.php\/wp-json\/wp\/v2\/pages\/426","targetHints":{"allow":["GET"]}}],"collection":[{"href":"https:\/\/nayelipoveda.shop\/index.php\/wp-json\/wp\/v2\/pages"}],"about":[{"href":"https:\/\/nayelipoveda.shop\/index.php\/wp-json\/wp\/v2\/types\/page"}],"author":[{"embeddable":true,"href":"https:\/\/nayelipoveda.shop\/index.php\/wp-json\/wp\/v2\/users\/1"}],"replies":[{"embeddable":true,"href":"https:\/\/nayelipoveda.shop\/index.php\/wp-json\/wp\/v2\/comments?post=426"}],"version-history":[{"count":2,"href":"https:\/\/nayelipoveda.shop\/index.php\/wp-json\/wp\/v2\/pages\/426\/revisions"}],"predecessor-version":[{"id":512,"href":"https:\/\/nayelipoveda.shop\/index.php\/wp-json\/wp\/v2\/pages\/426\/revisions\/512"}],"up":[{"embeddable":true,"href":"https:\/\/nayelipoveda.shop\/index.php\/wp-json\/wp\/v2\/pages\/415"}],"wp:attachment":[{"href":"https:\/\/nayelipoveda.shop\/index.php\/wp-json\/wp\/v2\/media?parent=426"}],"curies":[{"name":"wp","href":"https:\/\/api.w.org\/{rel}","templated":true}]}}