{"id":418,"date":"2026-01-28T03:11:01","date_gmt":"2026-01-28T08:11:01","guid":{"rendered":"https:\/\/nayelipoveda.shop\/?page_id=418"},"modified":"2026-01-28T05:34:21","modified_gmt":"2026-01-28T10:34:21","slug":"la-ley-de-la-escala","status":"publish","type":"page","link":"https:\/\/nayelipoveda.shop\/index.php\/el-viaje-del-libro-en-ecuador\/la-industria-editorial-y-sus-desafios-economicos\/la-ley-de-la-escala\/","title":{"rendered":"LA LEY DE LA ESCALA"},"content":{"rendered":"\n<p><strong>El laberinto del precio unitario<\/strong>.<\/p>\n\n\n\n<p>Para comprender por qu\u00e9 un libro producido en Ecuador puede llegar a costar el doble que uno importado, es necesario analizar la factura de la imprenta bajo una lente econ\u00f3mica cruda. La C\u00e1mara Ecuatoriana del Libro (CEL) ha mantenido una postura firme respecto a la estructura de costos que asfixia a los editores locales, partiendo de una realidad geogr\u00e1fica cr\u00edtica: Ecuador posee un 0% de producci\u00f3n nacional de papel celulosa de grado editorial, lo que obliga a la industria a importar el 100% de sus insumos de mercados vol\u00e1tiles como China, Finlandia y Brasil.<\/p>\n\n\n\n<figure class=\"wp-block-image size-full\"><img loading=\"lazy\" decoding=\"async\" width=\"1024\" height=\"924\" src=\"https:\/\/nayelipoveda.shop\/wp-content\/uploads\/2026\/01\/WhatsApp-Image-2026-01-28-at-12.12.34-AM.jpeg\" alt=\"\" class=\"wp-image-325\" srcset=\"https:\/\/nayelipoveda.shop\/wp-content\/uploads\/2026\/01\/WhatsApp-Image-2026-01-28-at-12.12.34-AM.jpeg 1024w, https:\/\/nayelipoveda.shop\/wp-content\/uploads\/2026\/01\/WhatsApp-Image-2026-01-28-at-12.12.34-AM-300x271.jpeg 300w, https:\/\/nayelipoveda.shop\/wp-content\/uploads\/2026\/01\/WhatsApp-Image-2026-01-28-at-12.12.34-AM-768x693.jpeg 768w\" sizes=\"auto, (max-width: 1024px) 100vw, 1024px\" \/><\/figure>\n\n\n\n<p>Esta dependencia absoluta ha generado que, en los \u00faltimos 24 meses, el costo de las resmas de papel y tintas especiales experimente un incremento promedio del 45%, una cifra que desestabiliza cualquier planificaci\u00f3n financiera. Esta \u00abtiran\u00eda del papel\u00bb no solo se debe al costo del material, sino a la asimetr\u00eda arancelaria que la CEL ha denunciado sistem\u00e1ticamente. Mientras que un libro terminado entra al pa\u00eds con beneficios de exenci\u00f3n, los insumos para fabricarlo localmente est\u00e1n sujetos a una cadena de impuestos y fletes que provocan que el costo unitario de producci\u00f3n local sea hasta un 150% m\u00e1s alto que el de una importaci\u00f3n masiva proveniente de pa\u00edses con industrias subsidiadas. As\u00ed, el editor nacional empieza su labor con una desventaja competitiva que convierte cada publicaci\u00f3n en un desaf\u00edo a la l\u00f3gica del libre mercado.<\/p>\n\n\n\n<figure class=\"wp-block-pullquote\"><blockquote><p>\u00abEn Ecuador, el talento sobra pero el papel falta; publicar localmente se ha convertido en un acto de rebeld\u00eda contra un mercado que castiga la fabricaci\u00f3n y premia la importaci\u00f3n.\u00bb<\/p><\/blockquote><\/figure>\n\n\n\n<div class=\"wp-block-buttons is-layout-flex wp-block-buttons-is-layout-flex\">\n<div class=\"wp-block-button\"><a class=\"wp-block-button__link wp-element-button\" href=\"https:\/\/nayelipoveda.shop\/index.php\/el-viaje-del-libro-en-ecuador\/la-industria-editorial-y-sus-desafios-economicos\/la-ley-de-la-escala\/el-precio-de-la-calidad\/\">EL PRECIO DE LA CALIDAD<\/a><\/div>\n\n\n\n<div class=\"wp-block-button\"><a class=\"wp-block-button__link wp-element-button\" href=\"https:\/\/nayelipoveda.shop\/index.php\/el-viaje-del-libro-en-ecuador\/la-industria-editorial-y-sus-desafios-economicos\/\">ATR\u00c1S<\/a><\/div>\n<\/div>\n","protected":false},"excerpt":{"rendered":"<p>El laberinto del precio unitario. Para comprender por qu\u00e9 un libro producido en Ecuador puede llegar a costar el doble<\/p>\n<p><a href=\"https:\/\/nayelipoveda.shop\/index.php\/el-viaje-del-libro-en-ecuador\/la-industria-editorial-y-sus-desafios-economicos\/la-ley-de-la-escala\/\" class=\"more-link\">Contin\u00faa leyendo&#8230;<span class=\"screen-reader-text\">LA LEY DE LA ESCALA<\/span><\/a><\/p>\n","protected":false},"author":1,"featured_media":0,"parent":383,"menu_order":3,"comment_status":"closed","ping_status":"closed","template":"","meta":{"footnotes":""},"class_list":["post-418","page","type-page","status-publish","hentry"],"_links":{"self":[{"href":"https:\/\/nayelipoveda.shop\/index.php\/wp-json\/wp\/v2\/pages\/418","targetHints":{"allow":["GET"]}}],"collection":[{"href":"https:\/\/nayelipoveda.shop\/index.php\/wp-json\/wp\/v2\/pages"}],"about":[{"href":"https:\/\/nayelipoveda.shop\/index.php\/wp-json\/wp\/v2\/types\/page"}],"author":[{"embeddable":true,"href":"https:\/\/nayelipoveda.shop\/index.php\/wp-json\/wp\/v2\/users\/1"}],"replies":[{"embeddable":true,"href":"https:\/\/nayelipoveda.shop\/index.php\/wp-json\/wp\/v2\/comments?post=418"}],"version-history":[{"count":4,"href":"https:\/\/nayelipoveda.shop\/index.php\/wp-json\/wp\/v2\/pages\/418\/revisions"}],"predecessor-version":[{"id":492,"href":"https:\/\/nayelipoveda.shop\/index.php\/wp-json\/wp\/v2\/pages\/418\/revisions\/492"}],"up":[{"embeddable":true,"href":"https:\/\/nayelipoveda.shop\/index.php\/wp-json\/wp\/v2\/pages\/383"}],"wp:attachment":[{"href":"https:\/\/nayelipoveda.shop\/index.php\/wp-json\/wp\/v2\/media?parent=418"}],"curies":[{"name":"wp","href":"https:\/\/api.w.org\/{rel}","templated":true}]}}