{"id":415,"date":"2026-01-28T03:10:06","date_gmt":"2026-01-28T08:10:06","guid":{"rendered":"https:\/\/nayelipoveda.shop\/?page_id=415"},"modified":"2026-01-28T05:29:07","modified_gmt":"2026-01-28T10:29:07","slug":"del-colapso-corporativo-al-renacimiento-de-la-autogestion","status":"publish","type":"page","link":"https:\/\/nayelipoveda.shop\/index.php\/el-viaje-del-libro-en-ecuador\/la-industria-editorial-y-sus-desafios-economicos\/del-colapso-corporativo-al-renacimiento-de-la-autogestion\/","title":{"rendered":"DEL COLAPSO CORPORATIVO AL RENACIMIENTO DE LA AUTOGESTI\u00d3N"},"content":{"rendered":"\n<figure class=\"wp-block-image size-full\"><img loading=\"lazy\" decoding=\"async\" width=\"1024\" height=\"924\" src=\"https:\/\/nayelipoveda.shop\/wp-content\/uploads\/2026\/01\/WhatsApp-Image-2026-01-28-at-12.04.08-AM.jpeg\" alt=\"\" class=\"wp-image-322\" srcset=\"https:\/\/nayelipoveda.shop\/wp-content\/uploads\/2026\/01\/WhatsApp-Image-2026-01-28-at-12.04.08-AM.jpeg 1024w, https:\/\/nayelipoveda.shop\/wp-content\/uploads\/2026\/01\/WhatsApp-Image-2026-01-28-at-12.04.08-AM-300x271.jpeg 300w, https:\/\/nayelipoveda.shop\/wp-content\/uploads\/2026\/01\/WhatsApp-Image-2026-01-28-at-12.04.08-AM-768x693.jpeg 768w\" sizes=\"auto, (max-width: 1024px) 100vw, 1024px\" \/><\/figure>\n\n\n\n<p>La retirada estrat\u00e9gica de las denominadas \u00abMajors\u00bb los grandes grupos editoriales transnacionales marc\u00f3 el fin de una era donde la literatura ecuatoriana era medida estrictamente por su capacidad de generar dividendos inmediatos. Bajo la l\u00f3gica del <em>bestseller<\/em>, corporaciones como Santillana o Planeta establecieron una din\u00e1mica de \u00abcaducidad acelerada\u00bb: si una obra no lograba cifras de venta masivas en sus primeros noventa d\u00edas en percha, era condenada al olvido o a la trituradora. Seg\u00fan reportes hist\u00f3ricos analizados por la C\u00e1mara Ecuatoriana del Libro (CEL), esta visi\u00f3n puramente mercantilista invisibiliz\u00f3 durante d\u00e9cadas las propuestas experimentales, la poes\u00eda disruptiva y los g\u00e9neros menos convencionales que no encajaban en los moldes de consumo r\u00e1pido.<\/p>\n\n\n\n<p>Sin embargo, esta \u00aborfandad editorial\u00bb no detuvo la producci\u00f3n nacional; por el contrario, se convirti\u00f3 en el terreno f\u00e9rtil para el surgimiento de los sellos independientes, quienes asumieron el rol de nuevos \u00abguardianes culturales\u00bb. Editoriales como Catafixia, Turbina y Kuychi no operan bajo la premisa de la acumulaci\u00f3n de capital, sino desde un manifiesto de resistencia cultural. Para estos sellos, publicar un libro es, ante todo, un acto pol\u00edtico y est\u00e9tico. Al funcionar con estructuras m\u00ednimas donde a menudo el editor asume tambi\u00e9n las labores de diagramaci\u00f3n, correcci\u00f3n y promoci\u00f3n, han logrado una agilidad y una libertad creativa que las transnacionales nunca pudieron permitirse.<\/p>\n\n\n\n<p>Esta cercan\u00eda f\u00edsica y emocional con el territorio ha permitido una curadur\u00eda mucho m\u00e1s arriesgada y visionaria. No es coincidencia que las voces que hoy lideran el fen\u00f3meno internacional del \u00abG\u00f3tico Andino\u00bb o la nueva cr\u00f3nica descarnada hayan encontrado su primer hogar en estas editoriales de autogesti\u00f3n. No obstante, este hero\u00edsmo literario tiene un costo elevado. La independencia en Ecuador implica navegar en un mar de vulnerabilidad econ\u00f3mica, donde la falta de incentivos fiscales y los altos costos de producci\u00f3n obligan a los editores a realizar verdaderos malabares financieros para que el libro local siga siendo una realidad tangible.<\/p>\n\n\n\n<figure class=\"wp-block-pullquote\"><blockquote><p>\u00abCuando las grandes corporaciones apagaron las luces, las editoriales independientes encendieron las imprentas para demostrar que el valor de una obra no se mide en su rotaci\u00f3n en percha, sino en su capacidad de transformar la cultura de un pa\u00eds.\u00bb<\/p><\/blockquote><\/figure>\n\n\n\n<div class=\"wp-block-buttons is-layout-flex wp-block-buttons-is-layout-flex\">\n<div class=\"wp-block-button\"><a class=\"wp-block-button__link wp-element-button\" href=\"https:\/\/nayelipoveda.shop\/index.php\/el-viaje-del-libro-en-ecuador\/la-industria-editorial-y-sus-desafios-economicos\/del-colapso-corporativo-al-renacimiento-de-la-autogestion\/la-bibliodiversidad-como-acto-de-resistencia\/\">LA BIBLIODIVERSIDAD COMO ACTO DE RESISTENCIA<\/a><\/div>\n\n\n\n<div class=\"wp-block-button\"><a class=\"wp-block-button__link wp-element-button\" href=\"https:\/\/nayelipoveda.shop\/index.php\/el-viaje-del-libro-en-ecuador\/la-industria-editorial-y-sus-desafios-economicos\/\">ATR\u00c1S<\/a><\/div>\n<\/div>\n","protected":false},"excerpt":{"rendered":"<p>La retirada estrat\u00e9gica de las denominadas \u00abMajors\u00bb los grandes grupos editoriales transnacionales marc\u00f3 el fin de una era donde la<\/p>\n<p><a href=\"https:\/\/nayelipoveda.shop\/index.php\/el-viaje-del-libro-en-ecuador\/la-industria-editorial-y-sus-desafios-economicos\/del-colapso-corporativo-al-renacimiento-de-la-autogestion\/\" class=\"more-link\">Contin\u00faa leyendo&#8230;<span class=\"screen-reader-text\">DEL COLAPSO CORPORATIVO AL RENACIMIENTO DE LA AUTOGESTI\u00d3N<\/span><\/a><\/p>\n","protected":false},"author":1,"featured_media":0,"parent":383,"menu_order":2,"comment_status":"closed","ping_status":"closed","template":"","meta":{"footnotes":""},"class_list":["post-415","page","type-page","status-publish","hentry"],"_links":{"self":[{"href":"https:\/\/nayelipoveda.shop\/index.php\/wp-json\/wp\/v2\/pages\/415","targetHints":{"allow":["GET"]}}],"collection":[{"href":"https:\/\/nayelipoveda.shop\/index.php\/wp-json\/wp\/v2\/pages"}],"about":[{"href":"https:\/\/nayelipoveda.shop\/index.php\/wp-json\/wp\/v2\/types\/page"}],"author":[{"embeddable":true,"href":"https:\/\/nayelipoveda.shop\/index.php\/wp-json\/wp\/v2\/users\/1"}],"replies":[{"embeddable":true,"href":"https:\/\/nayelipoveda.shop\/index.php\/wp-json\/wp\/v2\/comments?post=415"}],"version-history":[{"count":3,"href":"https:\/\/nayelipoveda.shop\/index.php\/wp-json\/wp\/v2\/pages\/415\/revisions"}],"predecessor-version":[{"id":489,"href":"https:\/\/nayelipoveda.shop\/index.php\/wp-json\/wp\/v2\/pages\/415\/revisions\/489"}],"up":[{"embeddable":true,"href":"https:\/\/nayelipoveda.shop\/index.php\/wp-json\/wp\/v2\/pages\/383"}],"wp:attachment":[{"href":"https:\/\/nayelipoveda.shop\/index.php\/wp-json\/wp\/v2\/media?parent=415"}],"curies":[{"name":"wp","href":"https:\/\/api.w.org\/{rel}","templated":true}]}}