{"id":412,"date":"2026-01-28T03:09:09","date_gmt":"2026-01-28T08:09:09","guid":{"rendered":"https:\/\/nayelipoveda.shop\/?page_id=412"},"modified":"2026-01-28T05:26:00","modified_gmt":"2026-01-28T10:26:00","slug":"el-mapa-de-la-independencia","status":"publish","type":"page","link":"https:\/\/nayelipoveda.shop\/index.php\/el-viaje-del-libro-en-ecuador\/la-industria-editorial-y-sus-desafios-economicos\/el-mapa-de-la-independencia\/","title":{"rendered":"EL MAPA DE LA INDEPENDENCIA"},"content":{"rendered":"\n<p><strong>ansnacionales a la Autogesti\u00f3n<\/strong>.<\/p>\n\n\n\n<p>El ecosistema editorial en Ecuador ha sufrido una mutaci\u00f3n estructural y sociol\u00f3gica sin precedentes en la \u00faltima d\u00e9cada. Lo que en su momento se percibi\u00f3 como una crisis la salida o reducci\u00f3n dr\u00e1stica de las divisiones de literatura general de gigantes transnacionales como Santillana o Planeta termin\u00f3 por ser el catalizador de una soberan\u00eda narrativa largamente postergada. Estas corporaciones, que operan bajo l\u00f3gicas de rentabilidad global y econom\u00edas de escala, no se retiraron por falta de talento local, sino como s\u00edntoma de una visi\u00f3n de mercado que categoriz\u00f3 a Ecuador como una plaza \u00abpeque\u00f1a\u00bb, \u00abperif\u00e9rica\u00bb o de \u00abalto riesgo financiero\u00bb debido a sus bajos \u00edndices de lectura per c\u00e1pita.<\/p>\n\n\n\n<figure class=\"wp-block-image size-full\"><img loading=\"lazy\" decoding=\"async\" width=\"1024\" height=\"1024\" src=\"https:\/\/nayelipoveda.shop\/wp-content\/uploads\/2026\/01\/Gemini_Generated_Image_z0pxzxz0pxzxz0px.png\" alt=\"\" class=\"wp-image-319\" srcset=\"https:\/\/nayelipoveda.shop\/wp-content\/uploads\/2026\/01\/Gemini_Generated_Image_z0pxzxz0pxzxz0px.png 1024w, https:\/\/nayelipoveda.shop\/wp-content\/uploads\/2026\/01\/Gemini_Generated_Image_z0pxzxz0pxzxz0px-300x300.png 300w, https:\/\/nayelipoveda.shop\/wp-content\/uploads\/2026\/01\/Gemini_Generated_Image_z0pxzxz0pxzxz0px-150x150.png 150w, https:\/\/nayelipoveda.shop\/wp-content\/uploads\/2026\/01\/Gemini_Generated_Image_z0pxzxz0pxzxz0px-768x768.png 768w, https:\/\/nayelipoveda.shop\/wp-content\/uploads\/2026\/01\/Gemini_Generated_Image_z0pxzxz0pxzxz0px-666x666.png 666w\" sizes=\"auto, (max-width: 1024px) 100vw, 1024px\" \/><\/figure>\n\n\n\n<p>Sin embargo, este repliegue de los capitales extranjeros no dej\u00f3 el escenario en silencio. Lejos de quedar en el vac\u00edo, este espacio fue reclamado por un movimiento de editoriales independientes y sellos de autogesti\u00f3n que operan desde una filosof\u00eda de \u00abproximidad cultural\u00bb. Estos nuevos gestores entendieron una verdad fundamental que las oficinas en Madrid o Bogot\u00e1 ignoraron: la literatura ecuatoriana no requiere de validaci\u00f3n externa para ser potente, sino de una gesti\u00f3n cercana, artesanal y profundamente comprometida con el autor local.<\/p>\n\n\n\n<p>La independencia editorial en el pa\u00eds no naci\u00f3 por lujo, sino por necesidad. Ante la ausencia de los grandes grupos, sellos como Catafixia, Turbina o Kuychi asumieron el riesgo de publicar obras que las transnacionales habr\u00edan rechazado por no ser \u00abcomercialmente viables\u00bb. Esto ha permitido que la bibliograf\u00eda nacional se diversifique, dando paso a voces experimentales, poes\u00eda disruptiva y cr\u00f3nicas descarnadas que hoy configuran nuestra identidad literaria.<\/p>\n\n\n\n<p>Este nuevo \u00abmapa\u00bb ha descentralizado el poder de decisi\u00f3n. Ya no es un gerente de marketing en otro continente quien decide qu\u00e9 lee el ecuatoriano; ahora son los editores locales, que conocen el territorio, las ferias autogestionadas y los clubes de lectura, quienes apuestan por construir cat\u00e1logos que resistan el paso del tiempo. No obstante, esta transici\u00f3n ha dejado un desaf\u00edo econ\u00f3mico latente: c\u00f3mo sostener una industria de alta calidad est\u00e9tica sin el respaldo de los grandes capitales, convirtiendo la edici\u00f3n independiente en un acto de hero\u00edsmo financiero cotidiano.<\/p>\n\n\n\n<figure class=\"wp-block-pullquote\"><blockquote><p>\u00abLa literatura independiente en Ecuador no es solo un modelo de negocio, es un acto de soberan\u00eda: es la decisi\u00f3n de que nuestras historias no dependan de un balance contable extranjero para ser contadas.\u00bb<\/p><\/blockquote><\/figure>\n\n\n\n<div class=\"wp-block-buttons is-layout-flex wp-block-buttons-is-layout-flex\">\n<div class=\"wp-block-button\"><a class=\"wp-block-button__link wp-element-button\" href=\"https:\/\/nayelipoveda.shop\/index.php\/el-viaje-del-libro-en-ecuador\/la-industria-editorial-y-sus-desafios-economicos\/el-mapa-de-la-independencia\/la-huella-economica-del-insumo-importado\/\">LA HUELLA ECON\u00d3MICA DEL INSUMO IMPORTADO<\/a><\/div>\n\n\n\n<div class=\"wp-block-button\"><a class=\"wp-block-button__link wp-element-button\" href=\"https:\/\/nayelipoveda.shop\/index.php\/el-viaje-del-libro-en-ecuador\/la-industria-editorial-y-sus-desafios-economicos\/\">ATR\u00c1S<\/a><\/div>\n<\/div>\n","protected":false},"excerpt":{"rendered":"<p>ansnacionales a la Autogesti\u00f3n. El ecosistema editorial en Ecuador ha sufrido una mutaci\u00f3n estructural y sociol\u00f3gica sin precedentes en la<\/p>\n<p><a href=\"https:\/\/nayelipoveda.shop\/index.php\/el-viaje-del-libro-en-ecuador\/la-industria-editorial-y-sus-desafios-economicos\/el-mapa-de-la-independencia\/\" class=\"more-link\">Contin\u00faa leyendo&#8230;<span class=\"screen-reader-text\">EL MAPA DE LA INDEPENDENCIA<\/span><\/a><\/p>\n","protected":false},"author":1,"featured_media":0,"parent":383,"menu_order":1,"comment_status":"closed","ping_status":"closed","template":"","meta":{"footnotes":""},"class_list":["post-412","page","type-page","status-publish","hentry"],"_links":{"self":[{"href":"https:\/\/nayelipoveda.shop\/index.php\/wp-json\/wp\/v2\/pages\/412","targetHints":{"allow":["GET"]}}],"collection":[{"href":"https:\/\/nayelipoveda.shop\/index.php\/wp-json\/wp\/v2\/pages"}],"about":[{"href":"https:\/\/nayelipoveda.shop\/index.php\/wp-json\/wp\/v2\/types\/page"}],"author":[{"embeddable":true,"href":"https:\/\/nayelipoveda.shop\/index.php\/wp-json\/wp\/v2\/users\/1"}],"replies":[{"embeddable":true,"href":"https:\/\/nayelipoveda.shop\/index.php\/wp-json\/wp\/v2\/comments?post=412"}],"version-history":[{"count":3,"href":"https:\/\/nayelipoveda.shop\/index.php\/wp-json\/wp\/v2\/pages\/412\/revisions"}],"predecessor-version":[{"id":487,"href":"https:\/\/nayelipoveda.shop\/index.php\/wp-json\/wp\/v2\/pages\/412\/revisions\/487"}],"up":[{"embeddable":true,"href":"https:\/\/nayelipoveda.shop\/index.php\/wp-json\/wp\/v2\/pages\/383"}],"wp:attachment":[{"href":"https:\/\/nayelipoveda.shop\/index.php\/wp-json\/wp\/v2\/media?parent=412"}],"curies":[{"name":"wp","href":"https:\/\/api.w.org\/{rel}","templated":true}]}}