{"id":408,"date":"2026-01-28T03:07:40","date_gmt":"2026-01-28T08:07:40","guid":{"rendered":"https:\/\/nayelipoveda.shop\/?page_id=408"},"modified":"2026-01-28T06:02:31","modified_gmt":"2026-01-28T11:02:31","slug":"el-prosumidor-literario-y-el-desafio-de-la-atencion-profunda","status":"publish","type":"page","link":"https:\/\/nayelipoveda.shop\/index.php\/el-viaje-del-libro-en-ecuador\/la-situacion-literaria-nacional\/alfabetizacion-digital\/el-prosumidor-literario-y-el-desafio-de-la-atencion-profunda\/","title":{"rendered":"EL PROSUMIDOR LITERARIO Y EL DESAF\u00cdO DE LA ATENCI\u00d3N PROFUNDA"},"content":{"rendered":"\n<figure class=\"wp-block-image size-full\"><img loading=\"lazy\" decoding=\"async\" width=\"1024\" height=\"932\" src=\"https:\/\/nayelipoveda.shop\/wp-content\/uploads\/2026\/01\/WhatsApp-Image-2026-01-27-at-11.39.32-PM.jpeg\" alt=\"\" class=\"wp-image-316\" srcset=\"https:\/\/nayelipoveda.shop\/wp-content\/uploads\/2026\/01\/WhatsApp-Image-2026-01-27-at-11.39.32-PM.jpeg 1024w, https:\/\/nayelipoveda.shop\/wp-content\/uploads\/2026\/01\/WhatsApp-Image-2026-01-27-at-11.39.32-PM-300x273.jpeg 300w, https:\/\/nayelipoveda.shop\/wp-content\/uploads\/2026\/01\/WhatsApp-Image-2026-01-27-at-11.39.32-PM-768x699.jpeg 768w\" sizes=\"auto, (max-width: 1024px) 100vw, 1024px\" \/><\/figure>\n\n\n\n<p>La era digital ha parido una figura h\u00edbrida: el \u00abProsumidor Literario\u00bb, un usuario que ya no se limita a recibir la obra de forma pasiva, sino que la comenta, la recomienda, crea \u00abfan-art\u00bb y participa activamente en la difusi\u00f3n a trav\u00e9s de hilos narrativos y contenido transmedia. Esta realidad ha forzado a la literatura nacional a salir del papel para sobrevivir en un ecosistema donde el contenido es ef\u00edmero y la competencia por la atenci\u00f3n es feroz. Hoy, una novela ecuatoriana no solo compite con otro libro, sino con el <em>scroll<\/em> infinito de TikTok y la gratificaci\u00f3n instant\u00e1nea de las notificaciones m\u00f3viles.<\/p>\n\n\n\n<p>El gran desaf\u00edo para los comunicadores es la alfabetizaci\u00f3n digital cr\u00edtica. No se trata simplemente de saber navegar en una aplicaci\u00f3n, sino de entrenar el cerebro para recuperar la capacidad de \u00abatenci\u00f3n profunda\u00bb. La literatura debe aprender a \u00abhabitar\u00bb lo digital sin perder su esencia reflexiva. El objetivo es utilizar la inmediatez de la tecnolog\u00eda como un anzuelo estrat\u00e9gico: que un video corto o una publicaci\u00f3n atractiva sirvan como puerta de entrada para arrastrar al lector hacia aguas m\u00e1s profundas, donde el silencio y la extensi\u00f3n de una cr\u00f3nica o una novela recuperen su poder transformador. La tecnolog\u00eda, en este sentido, debe dejar de ser vista como la enemiga de la lectura para convertirse en el puente necesario que conecte a las nuevas generaciones con la profundidad del pensamiento escrito.<\/p>\n\n\n\n<figure class=\"wp-block-pullquote\"><blockquote><p>\u00abEl reto no es apagar las pantallas para poder leer, sino encender en el lector la capacidad de habitar el silencio en medio del ruido digital.\u00bb<\/p><\/blockquote><\/figure>\n\n\n\n<div class=\"wp-block-buttons is-layout-flex wp-block-buttons-is-layout-flex\">\n<div class=\"wp-block-button\"><a class=\"wp-block-button__link wp-element-button\" href=\"https:\/\/nayelipoveda.shop\/index.php\/el-viaje-del-libro-en-ecuador\/la-situacion-literaria-nacional\/alfabetizacion-digital\/\">ATR\u00c1S<\/a><\/div>\n<\/div>\n","protected":false},"excerpt":{"rendered":"<p>La era digital ha parido una figura h\u00edbrida: el \u00abProsumidor Literario\u00bb, un usuario que ya no se limita a recibir<\/p>\n<p><a href=\"https:\/\/nayelipoveda.shop\/index.php\/el-viaje-del-libro-en-ecuador\/la-situacion-literaria-nacional\/alfabetizacion-digital\/el-prosumidor-literario-y-el-desafio-de-la-atencion-profunda\/\" class=\"more-link\">Contin\u00faa leyendo&#8230;<span class=\"screen-reader-text\">EL PROSUMIDOR LITERARIO Y EL DESAF\u00cdO DE LA ATENCI\u00d3N PROFUNDA<\/span><\/a><\/p>\n","protected":false},"author":1,"featured_media":0,"parent":460,"menu_order":1,"comment_status":"closed","ping_status":"closed","template":"","meta":{"footnotes":""},"class_list":["post-408","page","type-page","status-publish","hentry"],"_links":{"self":[{"href":"https:\/\/nayelipoveda.shop\/index.php\/wp-json\/wp\/v2\/pages\/408","targetHints":{"allow":["GET"]}}],"collection":[{"href":"https:\/\/nayelipoveda.shop\/index.php\/wp-json\/wp\/v2\/pages"}],"about":[{"href":"https:\/\/nayelipoveda.shop\/index.php\/wp-json\/wp\/v2\/types\/page"}],"author":[{"embeddable":true,"href":"https:\/\/nayelipoveda.shop\/index.php\/wp-json\/wp\/v2\/users\/1"}],"replies":[{"embeddable":true,"href":"https:\/\/nayelipoveda.shop\/index.php\/wp-json\/wp\/v2\/comments?post=408"}],"version-history":[{"count":2,"href":"https:\/\/nayelipoveda.shop\/index.php\/wp-json\/wp\/v2\/pages\/408\/revisions"}],"predecessor-version":[{"id":515,"href":"https:\/\/nayelipoveda.shop\/index.php\/wp-json\/wp\/v2\/pages\/408\/revisions\/515"}],"up":[{"embeddable":true,"href":"https:\/\/nayelipoveda.shop\/index.php\/wp-json\/wp\/v2\/pages\/460"}],"wp:attachment":[{"href":"https:\/\/nayelipoveda.shop\/index.php\/wp-json\/wp\/v2\/media?parent=408"}],"curies":[{"name":"wp","href":"https:\/\/api.w.org\/{rel}","templated":true}]}}