{"id":380,"date":"2026-01-28T02:55:49","date_gmt":"2026-01-28T07:55:49","guid":{"rendered":"https:\/\/nayelipoveda.shop\/?page_id=380"},"modified":"2026-01-28T05:20:42","modified_gmt":"2026-01-28T10:20:42","slug":"la-situacion-literaria-nacional","status":"publish","type":"page","link":"https:\/\/nayelipoveda.shop\/index.php\/el-viaje-del-libro-en-ecuador\/la-situacion-literaria-nacional\/","title":{"rendered":"LA SITUACI\u00d3N LITERARIA NACIONAL"},"content":{"rendered":"\n<p><strong>\u00bfQu\u00e9 se escribe y qui\u00e9n lee?<\/strong><\/p>\n\n\n\n<p>La literatura ecuatoriana actual vive lo que muchos cr\u00edticos llaman un \u00abnuevo despertar\u00bb. La narrativa contempor\u00e1nea ha roto los moldes del realismo social del siglo XX para adentrarse en el g\u00f3tico andino, la ciencia ficci\u00f3n y la cr\u00f3nica descarnada. No obstante, la salud de la literatura no solo se mide por la calidad de sus prosas, sino por su alcance.<\/p>\n\n\n\n<div class=\"wp-block-media-text is-stacked-on-mobile\"><figure class=\"wp-block-media-text__media\"><img loading=\"lazy\" decoding=\"async\" width=\"1024\" height=\"933\" src=\"https:\/\/nayelipoveda.shop\/wp-content\/uploads\/2026\/01\/WhatsApp-Image-2026-01-27-at-1.43.12-AM.jpeg\" alt=\"\" class=\"wp-image-282 size-full\" srcset=\"https:\/\/nayelipoveda.shop\/wp-content\/uploads\/2026\/01\/WhatsApp-Image-2026-01-27-at-1.43.12-AM.jpeg 1024w, https:\/\/nayelipoveda.shop\/wp-content\/uploads\/2026\/01\/WhatsApp-Image-2026-01-27-at-1.43.12-AM-300x273.jpeg 300w, https:\/\/nayelipoveda.shop\/wp-content\/uploads\/2026\/01\/WhatsApp-Image-2026-01-27-at-1.43.12-AM-768x700.jpeg 768w\" sizes=\"auto, (max-width: 1024px) 100vw, 1024px\" \/><\/figure><div class=\"wp-block-media-text__content\">\n<p>Seg\u00fan los \u00faltimos boletines de la C\u00e1mara Ecuatoriana del Libro (CEL), existe una paradoja: la producci\u00f3n de t\u00edtulos ha crecido sostenidamente (superando los 4,000 registros de ISBN anuales), pero el consumo per c\u00e1pita se mantiene estancado. La encuesta de H\u00e1bitos Lectores del Ministerio de Cultura y Patrimonio indica que el promedio de lectura en el pa\u00eds es de apenas 1 libro completo al a\u00f1o. Este eje revela que la literatura nacional es potente en su creaci\u00f3n, pero a\u00fan busca los mecanismos para democratizar su acceso y convertir el \u00abboom\u00bb creativo en un fen\u00f3meno de masas.<\/p>\n<\/div><\/div>\n\n\n\n<p>Esta desconexi\u00f3n entre la oferta y la demanda tambi\u00e9n responde a una transformaci\u00f3n en los soportes de lectura. Si bien el libro f\u00edsico conserva su valor simb\u00f3lico, los nuevos lectores ecuatorianos est\u00e1n migrando hacia formatos digitales y plataformas de suscripci\u00f3n que no siempre quedan registrados en las estad\u00edsticas tradicionales de venta en librer\u00edas. Esta \u00ablectura fragmentada\u00bb en dispositivos m\u00f3viles representa el mayor desaf\u00edo para la industria: lograr que la inmediatez de la pantalla no desplace la profundidad de la obra literaria, sino que sirva como un puente para atraer a las generaciones que hoy consumen historias fuera de los anaqueles convencionales.<\/p>\n\n\n\n<div class=\"wp-block-buttons is-layout-flex wp-block-buttons-is-layout-flex\">\n<div class=\"wp-block-button\"><a class=\"wp-block-button__link wp-element-button\" href=\"https:\/\/nayelipoveda.shop\/index.php\/el-viaje-del-libro-en-ecuador\/la-situacion-literaria-nacional\/del-realismo-social-al-gotico-andino\/\">DEL REALISMO SOCIAL AL G\u00d3TICO ANDINO<\/a><\/div>\n\n\n\n<div class=\"wp-block-button\"><a class=\"wp-block-button__link wp-element-button\" href=\"https:\/\/nayelipoveda.shop\/index.php\/el-viaje-del-libro-en-ecuador\/la-situacion-literaria-nacional\/alfabetizacion-digital\/\">ALFABETIZACI\u00d3N DIGITAL<\/a><\/div>\n\n\n\n<div class=\"wp-block-button\"><a class=\"wp-block-button__link wp-element-button\" href=\"https:\/\/nayelipoveda.shop\/index.php\/el-viaje-del-libro-en-ecuador\/la-situacion-literaria-nacional\/rutas-alternativas\/\">RUTAS ALTERNATIVAS<\/a><\/div>\n\n\n\n<div class=\"wp-block-button\"><a class=\"wp-block-button__link wp-element-button\" href=\"https:\/\/nayelipoveda.shop\/index.php\/el-viaje-del-libro-en-ecuador\/\">INICIO<\/a><\/div>\n<\/div>\n\n\n\n<p><\/p>\n","protected":false},"excerpt":{"rendered":"<p>\u00bfQu\u00e9 se escribe y qui\u00e9n lee? La literatura ecuatoriana actual vive lo que muchos cr\u00edticos llaman un \u00abnuevo despertar\u00bb. La<\/p>\n<p><a href=\"https:\/\/nayelipoveda.shop\/index.php\/el-viaje-del-libro-en-ecuador\/la-situacion-literaria-nacional\/\" class=\"more-link\">Contin\u00faa leyendo&#8230;<span class=\"screen-reader-text\">LA SITUACI\u00d3N LITERARIA NACIONAL<\/span><\/a><\/p>\n","protected":false},"author":1,"featured_media":0,"parent":378,"menu_order":1,"comment_status":"closed","ping_status":"closed","template":"","meta":{"footnotes":""},"class_list":["post-380","page","type-page","status-publish","hentry"],"_links":{"self":[{"href":"https:\/\/nayelipoveda.shop\/index.php\/wp-json\/wp\/v2\/pages\/380","targetHints":{"allow":["GET"]}}],"collection":[{"href":"https:\/\/nayelipoveda.shop\/index.php\/wp-json\/wp\/v2\/pages"}],"about":[{"href":"https:\/\/nayelipoveda.shop\/index.php\/wp-json\/wp\/v2\/types\/page"}],"author":[{"embeddable":true,"href":"https:\/\/nayelipoveda.shop\/index.php\/wp-json\/wp\/v2\/users\/1"}],"replies":[{"embeddable":true,"href":"https:\/\/nayelipoveda.shop\/index.php\/wp-json\/wp\/v2\/comments?post=380"}],"version-history":[{"count":5,"href":"https:\/\/nayelipoveda.shop\/index.php\/wp-json\/wp\/v2\/pages\/380\/revisions"}],"predecessor-version":[{"id":483,"href":"https:\/\/nayelipoveda.shop\/index.php\/wp-json\/wp\/v2\/pages\/380\/revisions\/483"}],"up":[{"embeddable":true,"href":"https:\/\/nayelipoveda.shop\/index.php\/wp-json\/wp\/v2\/pages\/378"}],"wp:attachment":[{"href":"https:\/\/nayelipoveda.shop\/index.php\/wp-json\/wp\/v2\/media?parent=380"}],"curies":[{"name":"wp","href":"https:\/\/api.w.org\/{rel}","templated":true}]}}