{"id":378,"date":"2026-01-26T10:54:19","date_gmt":"2026-01-26T15:54:19","guid":{"rendered":"https:\/\/nayelipoveda.shop\/?page_id=378"},"modified":"2026-01-28T06:23:44","modified_gmt":"2026-01-28T11:23:44","slug":"el-viaje-del-libro-en-ecuador","status":"publish","type":"page","link":"https:\/\/nayelipoveda.shop\/index.php\/el-viaje-del-libro-en-ecuador\/","title":{"rendered":"EL VIAJE DEL LIBRO EN ECUADOR"},"content":{"rendered":"\n<p>UN TRAYECTO ENTRE LA CREACI\u00d3N Y EL MERCADO<\/p>\n\n\n\n<p>Ecuador vive hoy una paradoja literaria sin precedentes. Mientras nombres de autoras nacionales resuenan en las listas de los libros m\u00e1s vendidos de Espa\u00f1a y Argentina, la industria editorial casa adentro lucha por mantenerse a flote en un mercado marcado por la centralizaci\u00f3n y los altos costos de producci\u00f3n. Publicar en el pa\u00eds ya no es solo un acto de creaci\u00f3n art\u00edstica; se ha convertido en una carrera de obst\u00e1culos donde la gesti\u00f3n cultural, el marketing digital y la resistencia econ\u00f3mica son tan importantes como el punto final de un manuscrito.<\/p>\n\n\n\n<figure class=\"wp-block-image size-full\"><img loading=\"lazy\" decoding=\"async\" width=\"1024\" height=\"500\" src=\"https:\/\/nayelipoveda.shop\/wp-content\/uploads\/2026\/01\/WhatsApp-Image-2026-01-27-at-12.36.08-AM.jpeg\" alt=\"\" class=\"wp-image-266\" srcset=\"https:\/\/nayelipoveda.shop\/wp-content\/uploads\/2026\/01\/WhatsApp-Image-2026-01-27-at-12.36.08-AM.jpeg 1024w, https:\/\/nayelipoveda.shop\/wp-content\/uploads\/2026\/01\/WhatsApp-Image-2026-01-27-at-12.36.08-AM-300x146.jpeg 300w, https:\/\/nayelipoveda.shop\/wp-content\/uploads\/2026\/01\/WhatsApp-Image-2026-01-27-at-12.36.08-AM-768x375.jpeg 768w\" sizes=\"auto, (max-width: 1024px) 100vw, 1024px\" \/><\/figure>\n\n\n\n<p>Desentra\u00f1ar qu\u00e9 sucede realmente desde que una idea nace en la mente de un autor hasta que el objeto f\u00edsico llega a manos del lector. A trav\u00e9s de cinco ejes fundamentales, analizamos el papel de las editoriales independientes, el laberinto de tr\u00e1mites legales como el ISBN y el SENADI, y el impacto real de los h\u00e1bitos de lectura en una sociedad que empieza a consumir cultura de formas cada vez m\u00e1s diversas y tecnol\u00f3gicas.<\/p>\n\n\n\n<figure class=\"wp-block-embed is-type-video is-provider-youtube wp-block-embed-youtube wp-embed-aspect-9-16 wp-has-aspect-ratio\"><div class=\"wp-block-embed__wrapper\">\n<iframe loading=\"lazy\" title=\"LIBRO EN ECUADOR\" width=\"563\" height=\"1000\" src=\"https:\/\/www.youtube.com\/embed\/SDDpw8Ba5HE?feature=oembed\" frameborder=\"0\" allow=\"accelerometer; autoplay; clipboard-write; encrypted-media; gyroscope; picture-in-picture; web-share\" referrerpolicy=\"strict-origin-when-cross-origin\" allowfullscreen><\/iframe>\n<\/div><\/figure>\n\n\n\n<div class=\"wp-block-buttons is-layout-flex wp-block-buttons-is-layout-flex\">\n<div class=\"wp-block-button\"><a class=\"wp-block-button__link wp-element-button\" href=\"https:\/\/nayelipoveda.shop\/index.php\/el-viaje-del-libro-en-ecuador\/la-situacion-literaria-nacional\/\"><strong>LA SITUACI\u00d3N LITERARIA NACIONAL&nbsp;<\/strong><\/a><\/div>\n\n\n\n<div class=\"wp-block-button\"><a class=\"wp-block-button__link wp-element-button\" href=\"https:\/\/nayelipoveda.shop\/index.php\/el-viaje-del-libro-en-ecuador\/la-industria-editorial-y-sus-desafios-economicos\/\">LA INDUSTRIA EDITORIAL Y SUS DESAF\u00cdOS ECON\u00d3MICOS<\/a><\/div>\n\n\n\n<div class=\"wp-block-button\"><a class=\"wp-block-button__link wp-element-button\" href=\"https:\/\/nayelipoveda.shop\/index.php\/el-laberinto-tecnico\/\"><strong>EL LABERINTO T\u00c9CNICO&nbsp;<\/strong><\/a><\/div>\n\n\n\n<div class=\"wp-block-button\"><a class=\"wp-block-button__link wp-element-button\" href=\"https:\/\/nayelipoveda.shop\/index.php\/el-viaje-del-libro-en-ecuador\/distribucion-y-consumo\/\"><strong>DISTRIBUCI\u00d3N Y CONSUMO&nbsp;<\/strong><\/a><\/div>\n<\/div>\n\n\n\n<p><\/p>\n","protected":false},"excerpt":{"rendered":"<p>UN TRAYECTO ENTRE LA CREACI\u00d3N Y EL MERCADO Ecuador vive hoy una paradoja literaria sin precedentes. Mientras nombres de autoras<\/p>\n<p><a href=\"https:\/\/nayelipoveda.shop\/index.php\/el-viaje-del-libro-en-ecuador\/\" class=\"more-link\">Contin\u00faa leyendo&#8230;<span class=\"screen-reader-text\">EL VIAJE DEL LIBRO EN ECUADOR<\/span><\/a><\/p>\n","protected":false},"author":1,"featured_media":0,"parent":0,"menu_order":0,"comment_status":"closed","ping_status":"closed","template":"","meta":{"footnotes":""},"class_list":["post-378","page","type-page","status-publish","hentry"],"_links":{"self":[{"href":"https:\/\/nayelipoveda.shop\/index.php\/wp-json\/wp\/v2\/pages\/378","targetHints":{"allow":["GET"]}}],"collection":[{"href":"https:\/\/nayelipoveda.shop\/index.php\/wp-json\/wp\/v2\/pages"}],"about":[{"href":"https:\/\/nayelipoveda.shop\/index.php\/wp-json\/wp\/v2\/types\/page"}],"author":[{"embeddable":true,"href":"https:\/\/nayelipoveda.shop\/index.php\/wp-json\/wp\/v2\/users\/1"}],"replies":[{"embeddable":true,"href":"https:\/\/nayelipoveda.shop\/index.php\/wp-json\/wp\/v2\/comments?post=378"}],"version-history":[{"count":5,"href":"https:\/\/nayelipoveda.shop\/index.php\/wp-json\/wp\/v2\/pages\/378\/revisions"}],"predecessor-version":[{"id":517,"href":"https:\/\/nayelipoveda.shop\/index.php\/wp-json\/wp\/v2\/pages\/378\/revisions\/517"}],"wp:attachment":[{"href":"https:\/\/nayelipoveda.shop\/index.php\/wp-json\/wp\/v2\/media?parent=378"}],"curies":[{"name":"wp","href":"https:\/\/api.w.org\/{rel}","templated":true}]}}